{"id":67,"date":"2020-12-18T10:41:35","date_gmt":"2020-12-18T15:41:35","guid":{"rendered":"https:\/\/empresa123.slpmx.com\/blog\/?page_id=67"},"modified":"2024-12-17T19:00:14","modified_gmt":"2024-12-18T00:00:14","slug":"ecommerce-today","status":"publish","type":"page","link":"https:\/\/store.erikai.net\/blog\/","title":{"rendered":"Bienvenido a e-Commerce Today"},"content":{"rendered":"<p style=\"text-align: justify;\">Este Blog est\u00e1 dedicado en su mayor\u00eda a compartirte nuestra experiencia de m\u00e1s de 20 a\u00f1os de conocimientos sobre comercio electr\u00f3nico y ventas por internet. Si nos sigues aprender\u00e1s paso a paso la manera correcta de poner tu sitio web y lograr que tenga ventas, te daremos las herramientas de ventas (<a href=\"https:\/\/empresa123.slpmx.com\">empresa123.slpmx.com<\/a>), las herramientas publicitarias (<a href=\"https:\/\/ofitel.slpmx.com\">Oficina.Tel<\/a>) y los conocimientos necesarios (<a href=\"https:\/\/empresa123.slpmx.com\/blog\/\">Nuestro Blog<\/a>) para vender en l\u00ednea, no te garantizamos ser el primer resultado de la b\u00fasqueda de Google, pero si te podemos ense\u00f1ar como vender y aparecer en los resultados para que tu sitio tenga tr\u00e1fico org\u00e1nico regular, ya te explicaremos que es esto.<\/p>\n<p style=\"text-align: justify;\">Te invitamos a visitar y conocer m\u00e1s sobre nosotros en nuestros sitios web, con los que empezar\u00e1s a darte una idea de c\u00f3mo funciona el <a href=\"https:\/\/empresa123.slpmx.com\/blog\/index.php\/2020\/12\/18\/hello-world\/\">Comercio Electr\u00f3nico<\/a>.<\/p>\n<p><a href=\"https:\/\/empresa123.slpmx.com\" target=\"_blank\" rel=\"noopener\"><img loading=\"lazy\" decoding=\"async\" class=\"wp-image-91 aligncenter\" src=\"https:\/\/empresa123.slpmx.com\/blog\/wp-content\/uploads\/2020\/12\/empresa123-shot-214x300.jpg\" alt=\"Screen Shot de empresa123.slpmx.com\" width=\"255\" height=\"357\" srcset=\"https:\/\/store.erikai.net\/blog\/wp-content\/uploads\/2020\/12\/empresa123-shot-214x300.jpg 214w, https:\/\/store.erikai.net\/blog\/wp-content\/uploads\/2020\/12\/empresa123-shot.jpg 363w\" sizes=\"auto, (max-width: 255px) 100vw, 255px\" \/><\/a><\/p>\n<p style=\"text-align: justify;\">Este es nuestro Sitio Principal, se llama <a href=\"https:\/\/empresa123.slpmx.com\">empresa123.slpmx.com<\/a> y es es nuestra tienda virtual especialmente dise\u00f1ada para la venta y renta de nuestras tiendas en l\u00ednea.<\/p>\n<p style=\"text-align: justify;\">Contamos con un certificado de seguridad SSL cuya valid\u00e9z, transparencia y fuerza han sido aprobados y <a href=\"https:\/\/transparencyreport.google.com\/https\/certificates\/vNGOYMvTrTKFNnQTI%2FaVvDKvjzQ5pjKIydLdDjf5z7k%3D\">verificados por Google<\/a>.<\/p>\n<p style=\"text-align: justify;\">Tambi\u00e9n <a href=\"https:\/\/transparencyreport.google.com\/safe-browsing\/search?url=empresa123.slpmx.com&amp;hl=es_419\">Google ha probado nuestro sitio y ha confirmado que no existen virus<\/a>, malware, aplicaciones ni descargas que puedan da\u00f1ar tu equipo, por lo que puedes navegar en el con toda tranquilidad.<\/p>\n<p style=\"text-align: justify;\">Y adem\u00e1s somos un sitio <a href=\"https:\/\/www.webwiki.com\/empresa123.slpmx.com\">registrado en WebWiki<\/a>, lo que es sinonimo de transparencia y seguridad adem\u00e1s de que somos un Sitio autorizado por <a href=\"https:\/\/www.paypal.com\/mx\/home\">PayPal<\/a>.<\/p>\n<p><a href=\"http:\/\/e123.store\" target=\"_blank\" rel=\"noopener\"><img loading=\"lazy\" decoding=\"async\" class=\"wp-image-95 aligncenter\" src=\"https:\/\/empresa123.slpmx.com\/blog\/wp-content\/uploads\/2020\/12\/e123-shot-214x300.jpg\" alt=\"Screenshot de e123.com\" width=\"261\" height=\"366\" srcset=\"https:\/\/store.erikai.net\/blog\/wp-content\/uploads\/2020\/12\/e123-shot-214x300.jpg 214w, https:\/\/store.erikai.net\/blog\/wp-content\/uploads\/2020\/12\/e123-shot.jpg 362w\" sizes=\"auto, (max-width: 261px) 100vw, 261px\" \/><\/a><\/p>\n<p style=\"text-align: justify;\">En <a href=\"https:\/\/empresa123.slpmx.com\">empresa123.slpmx.com<\/a>, no solo nos ocupamos de venderte una Tienda en L\u00ednea perfectamente funcional, sino que adem\u00e1s te ofrecemos un MarketPlace llamado <a href=\"http:\/\/e123.store\">e123.store<\/a> que es una tienda en l\u00ednea especialmente dise\u00f1ada para vender productos de terceros a trav\u00e9s de sus sistemas de afiliados. Las Tiendas que te ofrecemos cuentan con este sistema, para que puedas tener socios comerciales que venden tus productos y ganen comisi\u00f3n por ellos.<\/p>\n<p style=\"text-align: justify;\">Funcionando bajo este esquema, ya hemos sido aprobados como Socios de <a href=\"https:\/\/ebay.com\">eBay<\/a> y <a href=\"https:\/\/amazon.com\">Amazon<\/a> para vender sus productos a trav\u00e9s de <a href=\"http:\/\/e123.store\">e123.store<\/a>.<\/p>\n<p style=\"text-align: justify;\">Te invitamos a que si ya cuentas con una tienda en l\u00ednea y cuentas con un programa de afiliados, vendas tus productos aqu\u00ed, si no cuentas con una tienda o un programa de afiliados, nosotros podemos ayudarte a tener uno.<\/p>\n<p><a href=\"https:\/\/ofitel.slpmx.com\" target=\"_blank\" rel=\"noopener\"><img loading=\"lazy\" decoding=\"async\" class=\"wp-image-99 aligncenter\" src=\"https:\/\/empresa123.slpmx.com\/blog\/wp-content\/uploads\/2020\/12\/oficina-shot-198x300.jpg\" alt=\"Screenshot de Oficina.Tel\" width=\"257\" height=\"390\" srcset=\"https:\/\/store.erikai.net\/blog\/wp-content\/uploads\/2020\/12\/oficina-shot-198x300.jpg 198w, https:\/\/store.erikai.net\/blog\/wp-content\/uploads\/2020\/12\/oficina-shot.jpg 334w\" sizes=\"auto, (max-width: 257px) 100vw, 257px\" \/><\/a><\/p>\n<p style=\"text-align: justify;\">Ya viste las herramientas que te ofrecemos para vender en l\u00ednea y hacer crecer tu negocio, pero no queda solo en eso, te ofrecemos adem\u00e1s las herramientas publicitarias perfectas para que te promociones.<\/p>\n<p style=\"text-align: justify;\">Te presentamos <a href=\"https:\/\/ofitel.slpmx.com\">Oficina.Tel<\/a>, un completo y avanzado Directorio de Negocios que te ayudar\u00e1 a tener m\u00e1s visibilidad en los resultados de las b\u00fasquedas de los principales buscadores como <a href=\"https:\/\/google.com\">Google.com<\/a>, <a href=\"https:\/\/bing.com\">Bing.Com<\/a>, <a href=\"https:\/\/yahoo.com\">Yahoo.com<\/a> y <a href=\"https:\/\/yandex.com\">Yandex.com<\/a>, te ayudar\u00e1 sin duda a mejorar tu posicionamiento SEO, ya te diremos m\u00e1s adelante que es el SEO y el SERP.<\/p>\n<p style=\"text-align: justify;\"><a href=\"https:\/\/ofitel.slpmx.com\">Oficina.Tel<\/a> te brinda adem\u00e1s la posibilidad de incluir tu tarjeta de presentaci\u00f3n en tu sitio ya con todos los datos necesarios para que te contacten o bien puedes compartirla con un enlace corto que la gente puede memorizar como este <a href=\"https:\/\/ofitel.slpmx.com?8\">https:\/\/ofitel.slpmx.com?8<\/a> , que es mil veces mejor que estar dando tel\u00e9fonos, direcciones, ubicaciones, redes etc. Con este enlace lo obtienes todo para que te cont\u00e1cten y con un click, tus futuros clientes pueden agregarte a sus Contactos de su tel\u00e9fono.<\/p>\n<p style=\"text-align: justify;\">Y por supuesto queremos invitarte tambi\u00e9n a que sigas este Blog y nuestras Redes Sociales para obtener descuentos y promociones sobre nuestros productos y servicios, as\u00ed como conocer los nuevos lanzamientos y dise\u00f1os que tenemos para t\u00ed.<\/p>\n\n<table id=\"tablepress-1\" class=\"tablepress tablepress-id-1\">\n<tbody class=\"row-striping row-hover\">\n<tr class=\"row-1\">\n\t<td class=\"column-1\"><a href=\"https:\/\/www.facebook.com\/e123.store\" target=\"_blank\" rel=\"noopener\"><img decoding=\"async\" src=\"\/image\/catalog\/Iconos\/face64x64.png\" alt=\"Follow Us on FaceBook\" title=\"Follow Us on FaceBook\" style=\"width: 100%;\"><\/a><\/td><td class=\"column-2\"><a href=\"https:\/\/www.linkedin.com\/company\/empresa-123\/\" target=\"_blank\" rel=\"noopener\"><img decoding=\"async\" src=\"\/image\/catalog\/Iconos\/linkedin64x64.png\" alt=\"Follow Us on LinkedIn\" title=\"Follow Us on LinkedIn\" style=\"width: 100%;\"><\/a><\/td><td class=\"column-3\"><a href=\"https:\/\/www.facebook.com\/labconciencia\" target=\"_blank\" rel=\"noopener\"><img decoding=\"async\" src=\"\/image\/catalog\/Iconos\/iconocc.png\" alt=\"Follow Our Science Blog\" title=\"Follow Our Science Blog\" style=\"width: 100%;\"><\/td><td class=\"column-4\"><a href=\"https:\/\/www.instagram.com\/e123.store\" target=\"_blank\" rel=\"noopener\"><img decoding=\"async\" src=\"\/image\/catalog\/Iconos\/instagram64x64.png\" alt=\"Follow Us on Instagram\" title=\"Follow Us on Instagram\" style=\"width: 100%;\"><\/a><\/td><td class=\"column-5\"><a href=\"https:\/\/www.pinterest.com.mx\/empresa_123\/_created\/\" target=\"_blank\" rel=\"noopener\"><img decoding=\"async\" src=\"\/image\/catalog\/WebIcons\/Pinterest%2064x64.png\" alt=\"Be Aware of our newest Designs\" title=\"Be Aware of our newest Designs\" style=\"width: 100%;\"><\/a><\/td><td class=\"column-6\"><a href=\"https:\/\/empresa123.slpmx.com\/blog\/\" target=\"_blank\" rel=\"noopener\"><img decoding=\"async\" src=\"\/image\/catalog\/WebIcons\/blogger%2064x64.png\" alt=\"Subscribe to learn more about e-Commerce\" title=\"Subscribe to learn more about e-Commerce\" style=\"width: 100%;\"><\/a><\/td><td class=\"column-7\"><a href=\"https:\/\/www.youtube.com\/channel\/UCx5DXO9-bVxUnX_bVmeW0uQ\" target=\"_blank\" rel=\"noopener\"><img decoding=\"async\" src=\"\/image\/catalog\/Iconos\/youtube64x64.png\" alt=\"Follow Us on YouTube\" title=\"Follow Us on YouTube\" style=\"width: 100%;\"><\/a><\/td>\n<\/tr>\n<\/tbody>\n<\/table>\n<!-- #tablepress-1 from cache -->\n<p style=\"text-align: justify;\"><a href=\"https:\/\/empresa123.slpmx.com\">empresa123.slpmx.com<\/a> te ofrece los precios m\u00e1s competitivos para tener tu tienda en l\u00ednea de todo el Internet, pu\u00e9s, mientras que las dem\u00e1s empresas te ofrecen probaditas gratis y posteriormente costos ocultos para que tu sitio realmente sea funcional nosotros por el mismo precio te ofrecemos <a href=\"https:\/\/www.empresa123.slpmx.com\/Caracteristicas_De_La_Pagina_Web\">todo lo que ves en este enlace<\/a>, y como viste te ofrecemos un Sistema y Modelo de negocios que hemos probado y evolucionado a lo largo de m\u00e1s de 20 a\u00f1os de experiencia. Si quieres saber m\u00e1s de nosotros <a href=\"https:\/\/www.empresa123.slpmx.com\/acerca_de\">consulta este enlace.<\/a> y si tienes dudas por favor cont\u00e1ctanos ya sea a trav\u00e9s de nuestros chats en l\u00ednea o bien en nuestro <a href=\"https:\/\/www.empresa123.slpmx.com\/helpdesk\/\">escritorio de atenci\u00f3n al cliente<\/a>.<\/p>\n<p style=\"text-align: justify;\">Si deseas aprender qu\u00e9 es el Comercio Electr\u00f3nico y la manera correcta de hacerlo te invitamos a seguir ley\u00e9ndonos,<a href=\"https:\/\/empresa123.slpmx.com\/blog\/index.php\/2020\/12\/18\/hello-world\/\"> aqu\u00ed te ense\u00f1aremos todo lo que necesitas saber para tener \u00e9xito en internet.<\/a><\/p>\n","protected":false},"excerpt":{"rendered":"<p>Este Blog est\u00e1 dedicado en su mayor\u00eda a compartirte nuestra experiencia de m\u00e1s de 20 a\u00f1os de conocimientos sobre comercio electr\u00f3nico y ventas por internet. Si nos sigues aprender\u00e1s paso a paso la manera correcta de poner tu sitio web y lograr que tenga ventas, te daremos las herramientas de ventas (empresa123.slpmx.com), las herramientas publicitarias &hellip;<\/p>\n<p class=\"read-more\"> <a class=\"\" href=\"https:\/\/store.erikai.net\/blog\/\"> <span class=\"screen-reader-text\">Bienvenido a e-Commerce Today<\/span> Leer m\u00e1s &raquo;<\/a><\/p>\n","protected":false},"author":1,"featured_media":0,"parent":0,"menu_order":0,"comment_status":"closed","ping_status":"closed","template":"","meta":{"ngg_post_thumbnail":0,"footnotes":""},"class_list":["post-67","page","type-page","status-publish","hentry"],"_links":{"self":[{"href":"https:\/\/store.erikai.net\/blog\/index.php\/wp-json\/wp\/v2\/pages\/67","targetHints":{"allow":["GET"]}}],"collection":[{"href":"https:\/\/store.erikai.net\/blog\/index.php\/wp-json\/wp\/v2\/pages"}],"about":[{"href":"https:\/\/store.erikai.net\/blog\/index.php\/wp-json\/wp\/v2\/types\/page"}],"author":[{"embeddable":true,"href":"https:\/\/store.erikai.net\/blog\/index.php\/wp-json\/wp\/v2\/users\/1"}],"replies":[{"embeddable":true,"href":"https:\/\/store.erikai.net\/blog\/index.php\/wp-json\/wp\/v2\/comments?post=67"}],"version-history":[{"count":32,"href":"https:\/\/store.erikai.net\/blog\/index.php\/wp-json\/wp\/v2\/pages\/67\/revisions"}],"predecessor-version":[{"id":579,"href":"https:\/\/store.erikai.net\/blog\/index.php\/wp-json\/wp\/v2\/pages\/67\/revisions\/579"}],"wp:attachment":[{"href":"https:\/\/store.erikai.net\/blog\/index.php\/wp-json\/wp\/v2\/media?parent=67"}],"curies":[{"name":"wp","href":"https:\/\/api.w.org\/{rel}","templated":true}]}}