{"id":311,"date":"2021-01-02T13:16:56","date_gmt":"2021-01-02T18:16:56","guid":{"rendered":"https:\/\/empresa123.slpmx.com\/blog\/?page_id=311"},"modified":"2021-01-09T16:19:16","modified_gmt":"2021-01-09T21:19:16","slug":"herramientas-seo-para-webmasters","status":"publish","type":"page","link":"https:\/\/store.erikai.net\/blog\/index.php\/herramientas-seo-para-webmasters\/","title":{"rendered":"Herramientas SEO para WebMasters"},"content":{"rendered":"<p style=\"text-align: justify;\">En esta secci\u00f3n encontrar\u00e1s algunas herramientas muy \u00fatiles para WebMasters. Estaremos agregando m\u00e1s periodicamente as\u00ed que no olvides suscribirte a las notificaciones de nuetro blog y a nuestro <a href=\"https:\/\/www.empresa123.slpmx.com\/index.php?route=account\/register\">buz\u00f3n de noticias<\/a> para estar al tanto de las novedades.<\/p>\n<h4><span style=\"color: #ff9900;\">Acorta tus enlaces usando esta herramienta:<\/span><\/h4>\n<p style=\"text-align: justify;\">Seguramente te haz topado con el problema de que las Redes Sociales u otros Servicios en la red te han creado enlaces muy largos y dificiles de recordar, esta herramienta te permitira crear enlaces muy peque\u00f1os y f\u00e1ciles de recordar por tus clientes. Al usar esta herramienta das por Aceptado que haz le\u00eddo y haz estado de acuerdo con los <a href=\"https:\/\/empresa123.slpmx.com\/blog\/index.php\/2021\/01\/03\/terminos-de-uso-del-recortador-de-enlaces\/\" target=\"_blank\" rel=\"noopener\">T\u00e9rminos de Servicio<\/a> y <a href=\"https:\/\/www.empresa123.slpmx.com\/privacidad\" target=\"_blank\" rel=\"noopener\">Pol\u00edticas de Privacidad<\/a>. Si encontraste un enlace que infringe nuestros T\u00e9rminos de Servicio por favor reportalo siguiendo <a href=\"https:\/\/www.empresa123.slpmx.com\/helpdesk\/\">este enlace<\/a>.<\/p>\n<p style=\"text-align: center;\"><iframe loading=\"lazy\" style=\"overflow: hidden;\" title=\"Recortador de Enlaces\" src=\"https:\/\/empresa123.slpmx.com\/seo-tools\/goshort.php\" width=\"100%\" height=\"140px\" scrolling=\"no\"><\/iframe><\/p>\n<h4><span style=\"color: #ff9900;\">Intercambia Enlaces con Nosotros:<\/span><\/h4>\n<p style=\"text-align: justify;\">Si deseas que tu sitio aparezca en nuestra secci\u00f3n de Sitios Recomendados, sigue estos pasos. Al agregar tu Sitio significa que haz le\u00eddo y est\u00e1s de acuerdo con los <a href=\"https:\/\/empresa123.slpmx.com\/blog\/index.php\/2021\/01\/04\/terminos-y-condiciones-de-servicio-para-intercambio-de-enlaces\/\" target=\"_blank\" rel=\"noopener\">T\u00e9rminos de Servicio<\/a> as\u00ed como con nuestras <a href=\"https:\/\/www.empresa123.slpmx.com\/privacidad\" target=\"_blank\" rel=\"noopener\">Pol\u00edticas de Privacidad<\/a>. Aparecer\u00e1s en nuestra P\u00e1gina de <a href=\"https:\/\/empresa123.slpmx.com\/blog\/index.php\/sitios-recomendados\/\" target=\"_blank\" rel=\"noopener\">Sitios Recomendados<\/a> que esta enlazada desde nuestra <a href=\"https:\/\/empresa123.slpmx.com\">P\u00e1gina principal<\/a>.<\/p>\n<p style=\"text-align: center;\"><iframe loading=\"lazy\" style=\"overflow: hidden;\" title=\"Recomendar sitios web\" src=\"https:\/\/www.empresa123.slpmx.com\/links\/submit_step1.php\" width=\"100%\" height=\"450px\" scrolling=\"no\"><\/iframe><\/p>\n<h4><span style=\"color: #ff9900;\">Generador de Slugs:<\/span><\/h4>\n<p style=\"text-align: justify;\">Para que una direcci\u00f3n web o mejor dicho un URL resulte m\u00e1s f\u00e1cil de encontrar en los buscadores y por los motores de b\u00fasqueda, lo recomendable es utilizar un Slug, que es una cadena de texto f\u00e1cilmente entendida por cualquier motor de b\u00fasqueda. Te dejamos aqu\u00ed esta herramienta para generar slugs, si usas WordPress u Opencart o cualquier otro sistema generador de sitios web, seguramente te ser\u00e1 muy \u00fatil.<\/p>\n<p style=\"text-align: center;\"><iframe loading=\"lazy\" style=\"overflow: hidden;\" title=\"Generador de Slugs\" src=\"https:\/\/empresa123.slpmx.com\/seo-tools\/slugme.php\" width=\"100%\" height=\"140px\" scrolling=\"no\"><\/iframe><\/p>\n<h4><span style=\"color: #ff9900;\">Generador de Claves:<\/span><\/h4>\n<p style=\"text-align: justify;\">Otra cosa que tampoco puede faltar es un generador de contrase\u00f1as, pues normalmente tenemos la tendencia de usar la misma clave en todos nuestros accesos a sitios web y suscripciones y si truenan la clave tendr\u00e1n acceso a todo. Es altamente recomendable utilizar claves distintas en cada sitio web. Te compartimos nuestro generador de contrase\u00f1as.<\/p>\n<p style=\"text-align: center;\"><iframe loading=\"lazy\" style=\"overflow: hidden;\" title=\"Generador de Claves\" src=\"https:\/\/empresa123.slpmx.com\/seo-tools\/passgen.php\" width=\"100%\" height=\"140px\" scrolling=\"no\"><\/iframe><\/p>\n<h4><span style=\"color: #ff9900;\">Probador de Velocidad SEO:<\/span><\/h4>\n<p style=\"text-align: justify;\">Si deseas probar si tu Sitio Web est\u00e1 Optimizado para la velocidad SEO, utiliza esta herramienta, el Robot de Google indexa m\u00e1s r\u00e1pido y d\u00e1 mejor PageRank a las p\u00e1ginas con una velocidad de descarga menor a 1 segundo.<\/p>\n<p style=\"text-align: center;\"><iframe loading=\"lazy\" style=\"overflow: hidden;\" title=\"Probar Velocidad\" src=\"https:\/\/empresa123.slpmx.com\/seo-tools\/testspeed.php\" width=\"100%\" height=\"400px\" scrolling=\"no\"><\/iframe><\/p>\n","protected":false},"excerpt":{"rendered":"<p>En esta secci\u00f3n encontrar\u00e1s algunas herramientas muy \u00fatiles para WebMasters. Estaremos agregando m\u00e1s periodicamente as\u00ed que no olvides suscribirte a las notificaciones de nuetro blog y a nuestro buz\u00f3n de noticias para estar al tanto de las novedades. Acorta tus enlaces usando esta herramienta: Seguramente te haz topado con el problema de que las Redes &hellip;<\/p>\n<p class=\"read-more\"> <a class=\"\" href=\"https:\/\/store.erikai.net\/blog\/index.php\/herramientas-seo-para-webmasters\/\"> <span class=\"screen-reader-text\">Herramientas SEO para WebMasters<\/span> Leer m\u00e1s &raquo;<\/a><\/p>\n","protected":false},"author":1,"featured_media":0,"parent":0,"menu_order":0,"comment_status":"closed","ping_status":"closed","template":"","meta":{"ngg_post_thumbnail":0,"footnotes":""},"class_list":["post-311","page","type-page","status-publish","hentry"],"_links":{"self":[{"href":"https:\/\/store.erikai.net\/blog\/index.php\/wp-json\/wp\/v2\/pages\/311","targetHints":{"allow":["GET"]}}],"collection":[{"href":"https:\/\/store.erikai.net\/blog\/index.php\/wp-json\/wp\/v2\/pages"}],"about":[{"href":"https:\/\/store.erikai.net\/blog\/index.php\/wp-json\/wp\/v2\/types\/page"}],"author":[{"embeddable":true,"href":"https:\/\/store.erikai.net\/blog\/index.php\/wp-json\/wp\/v2\/users\/1"}],"replies":[{"embeddable":true,"href":"https:\/\/store.erikai.net\/blog\/index.php\/wp-json\/wp\/v2\/comments?post=311"}],"version-history":[{"count":24,"href":"https:\/\/store.erikai.net\/blog\/index.php\/wp-json\/wp\/v2\/pages\/311\/revisions"}],"predecessor-version":[{"id":407,"href":"https:\/\/store.erikai.net\/blog\/index.php\/wp-json\/wp\/v2\/pages\/311\/revisions\/407"}],"wp:attachment":[{"href":"https:\/\/store.erikai.net\/blog\/index.php\/wp-json\/wp\/v2\/media?parent=311"}],"curies":[{"name":"wp","href":"https:\/\/api.w.org\/{rel}","templated":true}]}}